{"id":1592,"date":"2021-11-07T07:01:38","date_gmt":"2021-11-07T07:01:38","guid":{"rendered":"http:\/\/localyaar.bf\/?post_type=product&#038;p=1592"},"modified":"2024-12-08T22:14:23","modified_gmt":"2024-12-08T22:14:23","slug":"pure-poudre-de-moringa","status":"publish","type":"product","link":"https:\/\/localyaar.bf\/en\/boutique\/pure-poudre-de-moringa","title":{"rendered":"Pure Poudre de Moringa"},"content":{"rendered":"<h4>Les vertus m\u00e9dicinales du Moringa<\/h4>\n<p>Les feuilles de moringa vont aider les personnes carenc\u00e9es ou fatigu\u00e9es \u00e0 retrouver une \u00e9nergie importante qui pourrait rivaliser avec celle fournie par les sucres lents.<\/p>\n<p>Les feuilles de moringa ont aussi des propri\u00e9t\u00e9s antitumorales, anti-inflammatoires et antibact\u00e9riennes mais elles auraient \u00e9galement des propri\u00e9t\u00e9s neuroprotectrices visant \u00e0 am\u00e9liorer le fonctionnement du cerveau, au niveau de la m\u00e9moire et des fonctions cognitives<\/p>","protected":false},"excerpt":{"rendered":"<p>Le moringa est un superaliment dont les b\u00e9n\u00e9fices pour la sant\u00e9 sont \u00e9normissimes et continuent d&rsquo;\u00eatre document\u00e9s par les scientifiques.<\/p>\n<p>Pour faire le plein de macro et micronutriments, optez plut\u00f4t pour la version en poudre d\u00e9shydrat\u00e9e \u00ab\u00a0plus concentr\u00e9e que les feuilles fra\u00eeches.<\/p>","protected":false},"featured_media":1596,"comment_status":"open","ping_status":"closed","template":"","meta":{"_eb_attr":"","om_disable_all_campaigns":false,"_monsterinsights_skip_tracking":false,"_monsterinsights_sitenote_active":false,"_monsterinsights_sitenote_note":"","_monsterinsights_sitenote_category":0},"product_cat":[28,26],"product_tag":[174,175,173,176,50],"class_list":{"0":"post-1592","1":"product","2":"type-product","3":"status-publish","4":"has-post-thumbnail","6":"product_cat-alimentation-nutrition-consommez-des-produits-sains","7":"product_cat-sante-bien-etre","8":"product_tag-arbre-du-paradis","9":"product_tag-bien-etre","10":"product_tag-moringa","11":"product_tag-moringa-oleifera","12":"product_tag-sante","14":"first","15":"instock","16":"shipping-taxable","17":"purchasable","18":"product-type-simple","19":"col-xs-6 col-sm-4","20":"col-mf-5","21":"un-5-cols"},"aioseo_notices":[],"jetpack_likes_enabled":true,"jetpack_sharing_enabled":true,"_links":{"self":[{"href":"https:\/\/localyaar.bf\/en\/wp-json\/wp\/v2\/product\/1592","targetHints":{"allow":["GET"]}}],"collection":[{"href":"https:\/\/localyaar.bf\/en\/wp-json\/wp\/v2\/product"}],"about":[{"href":"https:\/\/localyaar.bf\/en\/wp-json\/wp\/v2\/types\/product"}],"replies":[{"embeddable":true,"href":"https:\/\/localyaar.bf\/en\/wp-json\/wp\/v2\/comments?post=1592"}],"wp:featuredmedia":[{"embeddable":true,"href":"https:\/\/localyaar.bf\/en\/wp-json\/wp\/v2\/media\/1596"}],"wp:attachment":[{"href":"https:\/\/localyaar.bf\/en\/wp-json\/wp\/v2\/media?parent=1592"}],"wp:term":[{"taxonomy":"product_cat","embeddable":true,"href":"https:\/\/localyaar.bf\/en\/wp-json\/wp\/v2\/product_cat?post=1592"},{"taxonomy":"product_tag","embeddable":true,"href":"https:\/\/localyaar.bf\/en\/wp-json\/wp\/v2\/product_tag?post=1592"}],"curies":[{"name":"wp","href":"https:\/\/api.w.org\/{rel}","templated":true}]}}