{"id":292,"date":"2020-10-18T19:45:57","date_gmt":"2020-10-18T19:45:57","guid":{"rendered":"http:\/\/localyaar.bf\/?page_id=292"},"modified":"2025-02-11T14:21:41","modified_gmt":"2025-02-11T14:21:41","slug":"special","status":"publish","type":"page","link":"https:\/\/localyaar.bf\/en\/special","title":{"rendered":"Sp\u00e9cial"},"content":{"rendered":"<div data-elementor-type=\"wp-page\" data-elementor-id=\"292\" class=\"elementor elementor-292\">\n\t\t\t\t\t\t<section data-particle_enable=\"false\" data-particle-mobile-disabled=\"false\" class=\"elementor-section elementor-top-section elementor-element elementor-element-45355de elementor-section-boxed elementor-section-height-default elementor-section-height-default\" data-id=\"45355de\" data-element_type=\"section\">\n\t\t\t\t\t\t<div class=\"elementor-container elementor-column-gap-default\">\n\t\t\t\t\t<div class=\"elementor-column elementor-col-100 elementor-top-column elementor-element elementor-element-5b3f741\" data-id=\"5b3f741\" data-element_type=\"column\">\n\t\t\t<div class=\"elementor-widget-wrap elementor-element-populated\">\n\t\t\t\t\t\t<div class=\"elementor-element elementor-element-f5ba893 elementor-drop-cap-yes elementor-drop-cap-view-default elementor-widget elementor-widget-text-editor\" data-id=\"f5ba893\" data-element_type=\"widget\" data-settings=\"{&quot;drop_cap&quot;:&quot;yes&quot;}\" data-widget_type=\"text-editor.default\">\n\t\t\t\t<div class=\"elementor-widget-container\">\n\t\t\t\t\t\t\t\t\t<p><strong><span lang=\"FR\" style=\"font-size: 18.0pt; mso-bidi-font-size: 11.0pt; color: #00000; mso-ansi-language: FR;\">\u00a0 \u00a0 \u00a0 \u00a0 \u00a0 \u00a0 \u00a0 \u00a0 \u00a0 \u00a0 \u00a0 \u00a0 \u00a0 \u00a0 \u00a0 \u00a0 \u00a0 \u00a0 \u00a0 \u00a0 \u00a0 \u00a0 \u00a0 \u00a0 \u00a0 \u00a0 \u00a0 \u00a0 \u00a0<strong>Les objectifs de la place de march\u00e9 Local Yaar :<\/strong><\/span><\/strong><\/p><ul><li><strong><span lang=\"FR\">Permettre aux populations d&rsquo;acc\u00e9der \u00e0 une <\/span><\/strong><strong style=\"letter-spacing: 0px;\"><span lang=\"FR\">large gamme vari\u00e9e de produits locaux.<\/span><\/strong><\/li><li><strong><span lang=\"FR\">Ouvrir le march\u00e9 mondial aux\u00a0<\/span><\/strong><strong><span lang=\"FR\">producteurs.trices.\/transformateurs.trices.<\/span><\/strong><\/li><li><strong><span lang=\"FR\">Booster le chiffre d&rsquo;affaire des producteurs.trices\/transformateurs.trices.<\/span><\/strong><\/li><li><strong><span lang=\"FR\">Booster l\u2019\u00e9conomie locale.<\/span><\/strong><\/li><li><strong><span lang=\"FR\">Garantir le bien-\u00eatre de nos populations.<\/span><\/strong><\/li><\/ul>\t\t\t\t\t\t\t\t<\/div>\n\t\t\t\t<\/div>\n\t\t\t\t\t<\/div>\n\t\t<\/div>\n\t\t\t\t\t<\/div>\n\t\t<\/section>\n\t\t\t\t<section data-particle_enable=\"false\" data-particle-mobile-disabled=\"false\" class=\"elementor-section elementor-top-section elementor-element elementor-element-7bf4625 elementor-section-boxed elementor-section-height-default elementor-section-height-default\" data-id=\"7bf4625\" data-element_type=\"section\">\n\t\t\t\t\t\t<div class=\"elementor-container elementor-column-gap-default\">\n\t\t\t\t\t<div class=\"elementor-column elementor-col-100 elementor-top-column elementor-element elementor-element-7936488\" data-id=\"7936488\" data-element_type=\"column\">\n\t\t\t<div class=\"elementor-widget-wrap elementor-element-populated\">\n\t\t\t\t\t\t<div class=\"elementor-element elementor-element-2d4cf17 elementor-widget elementor-widget-heading\" data-id=\"2d4cf17\" data-element_type=\"widget\" data-widget_type=\"heading.default\">\n\t\t\t\t<div class=\"elementor-widget-container\">\n\t\t\t\t\t<h2 class=\"elementor-heading-title elementor-size-default\">Ajoutez votre titre ici<\/h2>\t\t\t\t<\/div>\n\t\t\t\t<\/div>\n\t\t\t\t\t<\/div>\n\t\t<\/div>\n\t\t\t\t\t<\/div>\n\t\t<\/section>\n\t\t\t\t<section data-particle_enable=\"false\" data-particle-mobile-disabled=\"false\" class=\"elementor-section elementor-top-section elementor-element elementor-element-48679da elementor-section-boxed elementor-section-height-default elementor-section-height-default\" data-id=\"48679da\" data-element_type=\"section\">\n\t\t\t\t\t\t<div class=\"elementor-container elementor-column-gap-default\">\n\t\t\t\t\t<div class=\"elementor-column elementor-col-100 elementor-top-column elementor-element elementor-element-76d1d78\" data-id=\"76d1d78\" data-element_type=\"column\">\n\t\t\t<div class=\"elementor-widget-wrap elementor-element-populated\">\n\t\t\t\t\t\t<div class=\"elementor-element elementor-element-7dee6bf elementor-widget-divider--view-line elementor-widget elementor-widget-divider\" data-id=\"7dee6bf\" data-element_type=\"widget\" data-widget_type=\"divider.default\">\n\t\t\t\t<div class=\"elementor-widget-container\">\n\t\t\t\t\t\t\t<div class=\"elementor-divider\">\n\t\t\t<span class=\"elementor-divider-separator\">\n\t\t\t\t\t\t<\/span>\n\t\t<\/div>\n\t\t\t\t\t\t<\/div>\n\t\t\t\t<\/div>\n\t\t\t\t<div class=\"elementor-element elementor-element-ad22c06 elementor-widget elementor-widget-heading\" data-id=\"ad22c06\" data-element_type=\"widget\" data-widget_type=\"heading.default\">\n\t\t\t\t<div class=\"elementor-widget-container\">\n\t\t\t\t\t<h2 class=\"elementor-heading-title elementor-size-default\">Les conditions de la place de march\u00e9 (Marketplace) Local Yaar<\/h2>\t\t\t\t<\/div>\n\t\t\t\t<\/div>\n\t\t\t\t<div class=\"elementor-element elementor-element-f7581e8 elementor-widget elementor-widget-toggle\" data-id=\"f7581e8\" data-element_type=\"widget\" data-widget_type=\"toggle.default\">\n\t\t\t\t<div class=\"elementor-widget-container\">\n\t\t\t\t\t\t\t<div class=\"elementor-toggle\">\n\t\t\t\t\t\t\t<div class=\"elementor-toggle-item\">\n\t\t\t\t\t<div id=\"elementor-tab-title-2591\" class=\"elementor-tab-title\" data-tab=\"1\" role=\"button\" aria-controls=\"elementor-tab-content-2591\" aria-expanded=\"false\">\n\t\t\t\t\t\t\t\t\t\t\t\t<a class=\"elementor-toggle-title\" tabindex=\"0\">#1 - Comment devenir vendeur<\/a>\n\t\t\t\t\t<\/div>\n\n\t\t\t\t\t<div id=\"elementor-tab-content-2591\" class=\"elementor-tab-content elementor-clearfix\" data-tab=\"1\" role=\"region\" aria-labelledby=\"elementor-tab-title-2591\"><p>Pour \u00eatre vendeur sur notre plateforme, D&rsquo;abord le Vendeur prend contact avec notre contrat de partenariat qui d\u00e9taille les conditions. Une fois un plan d&rsquo;abonnement choisi, nous vous envoyons le lien de notre formulaire, afin de collecter les informations de la boutique; ensuite nous nous d\u00e9pla\u00e7ons \u00e0 votre boutique (s&rsquo;il y a en), et faisons des photos professionnelles de vos produits.<\/p><p>Toute le processus de digitalisation est pris en charge par notre service technique (cr\u00e9ation de la boutique virtuelle et le r\u00e9f\u00e9rencement digital et physique de vos produits sur la plateforme.\u00a0<\/p><p><a href=\"https:\/\/localyaar.bf\/wp-content\/uploads\/2025\/02\/OFFRE-PROMOTIONNELLE-Local-Yaar.pdf\" target=\"_blank\" rel=\"noopener\"><em><strong>T\u00e9l\u00e9charger les plans d&rsquo;abonnement de la place de march\u00e9 ici<\/strong><\/em><\/a><\/p><p><strong>Types de produits<\/strong> : <span style=\"color: #262626; font-family: Arial, sans-serif; font-size: 12pt;\">produits fabriqu\u00e9s au Burkina Faso, et dans la sous-r\u00e9gion dont les mati\u00e8res premi\u00e8res et autres composant<br \/>entrant dans sa fabrication sont \u00e0 tr\u00e8s grande majorit\u00e9s issus Burkina Faso et\/ou dans la sous-r\u00e9gion.<\/span><\/p><p><span style=\"color: var( --e-global-color-text );\">Notre objectif est de rendre tr\u00e8s accessible les produits locaux aux populations, en offrant une vitrine aux producteurs.trices et tout en augmentant leur chiffre d&rsquo;affaire.<\/span><\/p><\/div>\n\t\t\t\t<\/div>\n\t\t\t\t\t\t\t<div class=\"elementor-toggle-item\">\n\t\t\t\t\t<div id=\"elementor-tab-title-2592\" class=\"elementor-tab-title\" data-tab=\"2\" role=\"button\" aria-controls=\"elementor-tab-content-2592\" aria-expanded=\"false\">\n\t\t\t\t\t\t\t\t\t\t\t\t<a class=\"elementor-toggle-title\" tabindex=\"0\">#2 Pourquoi  vendre chez Local Yaar<\/a>\n\t\t\t\t\t<\/div>\n\n\t\t\t\t\t<div id=\"elementor-tab-content-2592\" class=\"elementor-tab-content elementor-clearfix\" data-tab=\"2\" role=\"region\" aria-labelledby=\"elementor-tab-title-2592\"><p>Promouvoir et distribuer les produits locaux (artisanaux, cosm\u00e9tiques, alimentaire, sant\u00e9&amp;Bien-\u00eatre) de nos vaillants.es producteurs\/trices tel est notre leitmotiv.<\/p><p><label style=\"font-size: 15px; display: block; margin: 0px 0px 9px; padding-top: 15px; border: none; position: relative; color: #333333; font-family: OpenSans, Arial, sans-serif;\"><span lang=\"\" style=\"word-break: break-word; display: inline-block;\"><strong style=\"font-size: inherit;\">\u00a0Notre objectif est de permettre aux producteurs\/transformateurs de :<\/strong><\/span><\/label><\/p><ul><li><strong>Gagnez plus de visibilit\u00e9.<\/strong><\/li><li><strong>Augmentez votre chiffre d\u2019affaires.<\/strong><\/li><li><strong>Gagnez de nouveaux clients<\/strong><\/li><li><strong>Vendez au-del\u00e0 du Burkina Faso.<\/strong><\/li><\/ul><\/div>\n\t\t\t\t<\/div>\n\t\t\t\t\t\t\t<div class=\"elementor-toggle-item\">\n\t\t\t\t\t<div id=\"elementor-tab-title-2593\" class=\"elementor-tab-title\" data-tab=\"3\" role=\"button\" aria-controls=\"elementor-tab-content-2593\" aria-expanded=\"false\">\n\t\t\t\t\t\t\t\t\t\t\t\t<a class=\"elementor-toggle-title\" tabindex=\"0\">#3 Pourquoi  acheter chez Local Yaar<\/a>\n\t\t\t\t\t<\/div>\n\n\t\t\t\t\t<div id=\"elementor-tab-content-2593\" class=\"elementor-tab-content elementor-clearfix\" data-tab=\"3\" role=\"region\" aria-labelledby=\"elementor-tab-title-2593\"><ul><li><strong>C\u2019est avoir acc\u00e8s \u00e0 une large gammes de produits locaux.<\/strong><\/li><li class=\"Other0\" style=\"text-align: left;\"><strong><span lang=\"FR\">C\u2019est garantir son bien-\u00eatre et celui de sa famille.<\/span><\/strong><\/li><li><strong>Soutenir l\u2019\u00e9conomie locale<\/strong><\/li><li><strong>Parce que vous \u00eates sp\u00e9cial !<\/strong><\/li><\/ul><\/div>\n\t\t\t\t<\/div>\n\t\t\t\t\t\t\t<div class=\"elementor-toggle-item\">\n\t\t\t\t\t<div id=\"elementor-tab-title-2594\" class=\"elementor-tab-title\" data-tab=\"4\" role=\"button\" aria-controls=\"elementor-tab-content-2594\" aria-expanded=\"false\">\n\t\t\t\t\t\t\t\t\t\t\t\t<a class=\"elementor-toggle-title\" tabindex=\"0\">#4  Moyens de payements : \"\u00e0 la livraison\" et \"orange money\"<\/a>\n\t\t\t\t\t<\/div>\n\n\t\t\t\t\t<div id=\"elementor-tab-content-2594\" class=\"elementor-tab-content elementor-clearfix\" data-tab=\"4\" role=\"region\" aria-labelledby=\"elementor-tab-title-2594\"><p>Les moyens de paiement disponibles et op\u00e9rationnels actuellement sont : le payement a la livraison et le paiement par Orange money, moov money, Sank money.<\/p><\/div>\n\t\t\t\t<\/div>\n\t\t\t\t\t\t\t<div class=\"elementor-toggle-item\">\n\t\t\t\t\t<div id=\"elementor-tab-title-2595\" class=\"elementor-tab-title\" data-tab=\"5\" role=\"button\" aria-controls=\"elementor-tab-content-2595\" aria-expanded=\"false\">\n\t\t\t\t\t\t\t\t\t\t\t\t<a class=\"elementor-toggle-title\" tabindex=\"0\">#5 - Quelles sont les zones couvertes par  Local Yaar?<\/a>\n\t\t\t\t\t<\/div>\n\n\t\t\t\t\t<div id=\"elementor-tab-content-2595\" class=\"elementor-tab-content elementor-clearfix\" data-tab=\"5\" role=\"region\" aria-labelledby=\"elementor-tab-title-2595\"><p>La place de march\u00e9 est situ\u00e9 au secteur 46, \u00e0 cot\u00e9 du march\u00e9\u00a0 de Katr Yaar, au niveau de la station Otam, tourner \u00e0 droite et la boutique est \u00e0 votre droite sur 20 m\u00e8tres. localyaar.bf couvre l&rsquo;ensemble des villes du Burkina Faso \u00e0 travers le son r\u00e9seau de livreurs.<\/p><\/div>\n\t\t\t\t<\/div>\n\t\t\t\t\t\t\t<div class=\"elementor-toggle-item\">\n\t\t\t\t\t<div id=\"elementor-tab-title-2596\" class=\"elementor-tab-title\" data-tab=\"6\" role=\"button\" aria-controls=\"elementor-tab-content-2596\" aria-expanded=\"false\">\n\t\t\t\t\t\t\t\t\t\t\t\t<a class=\"elementor-toggle-title\" tabindex=\"0\">#7 Conditions g\u00e9n\u00e9rales de vente<\/a>\n\t\t\t\t\t<\/div>\n\n\t\t\t\t\t<div id=\"elementor-tab-content-2596\" class=\"elementor-tab-content elementor-clearfix\" data-tab=\"6\" role=\"region\" aria-labelledby=\"elementor-tab-title-2596\"><div class=\"page-header\"><strong style=\"color: #000000; font-size: 18px;\">Ces conditions g\u00e9n\u00e9rales de ventes d\u00e9taillent les droits et devoirs de l&rsquo;entreprise VRAIHIT, qui pilote la marketplace localyaar.bf et de ses clients dans le cadre de la vente des marchandises sur son site LocalYaar.bf<\/strong><\/div><div><p>Toute prestation accomplie sur le site implique l&rsquo;adh\u00e9sion sans r\u00e9serve de l&rsquo;acheteur aux pr\u00e9sentes conditions g\u00e9n\u00e9rales de vente.\u00a0<\/p><h4>#1 Pr\u00e9sentation des produits<\/h4><p>Les caract\u00e9ristiques des produits propos\u00e9s \u00e0 la vente sont pr\u00e9sent\u00e9es dans la plaquette du site.\u00a0<\/p><h4>#2 Dur\u00e9e de produits r\u00e9dhibitoire\u00a0<\/h4><p>Les produits sont propos\u00e9s \u00e0 la vente jusqu&rsquo;\u00e0 \u00e9puisement du stock.\u00a0<\/p><h4>#3 La Commande<\/h4><p>Le client valide sa commande lorsqu&rsquo;il active le lien \u00a0\u00bb Confirmez votre commande \u00a0\u00bb en bas de la page \u00a0\u00bb R\u00e9capitulatif de votre commande \u00a0\u00bb apr\u00e8s avoir accept\u00e9 les pr\u00e9sentes conditions de vente. Avant cette validation, il est syst\u00e9matiquement propos\u00e9 au client de v\u00e9rifier chacun des \u00e9l\u00e9ments de sa commande; il peut ainsi corriger ses erreurs \u00e9ventuelles.<br \/>LocalYaar confirme la commande par courrier \u00e9lectronique; cette information reprend notamment tous les \u00e9l\u00e9ments de la commande et le droit de r\u00e9tractation du client.<\/p><h4>#4 Modalit\u00e9s de payemente<\/h4><p>Le r\u00e8glement des commandes s&rsquo;effectue par les moyens de Paiement : \u00ab\u00a0payement \u00e0 la livraison\u00a0\u00bb, \u00ab\u00a0Orange Money\u00a0\u00bb, \u00ab\u00a0Mobicash\u00a0\u00bb .Lors de l&rsquo;enregistrement de la commande, l&rsquo;acheteur devra verser int\u00e9gralement le montant global de la facture.\u00a0<\/p><h4>#5 Livraison<\/h4><p>Tout produit est livr\u00e9 avec garantie aux d\u00e9lais :Au sein d\u2019une m\u00eame ville : 72 h maximum dans les villes couverte.<\/p><h4>#5 Service apr\u00e8s-vente<\/h4><p>Pour toute information, question ou r\u00e9clamation, le client peut s&rsquo;adresser du lundi au dimanche, de 7h30\u00a0 \u00e0 22h au service d&rsquo;assistance de LocalYaar<\/p><ul><li>Adresse : 01 BV : 30157, Ouaga ZAD,<\/li><li>T\u00e9l: 0022674615471<\/li><li>E-mail: commercial@localyaar.bf<\/li><\/ul><\/div><\/div>\n\t\t\t\t<\/div>\n\t\t\t\t\t\t\t\t<\/div>\n\t\t\t\t\t\t<\/div>\n\t\t\t\t<\/div>\n\t\t\t\t\t<\/div>\n\t\t<\/div>\n\t\t\t\t\t<\/div>\n\t\t<\/section>\n\t\t\t\t<\/div>","protected":false},"excerpt":{"rendered":"<p>\u00a0 \u00a0 \u00a0 \u00a0 \u00a0 \u00a0 \u00a0 \u00a0 \u00a0 \u00a0 \u00a0 \u00a0 \u00a0 \u00a0 \u00a0 \u00a0 \u00a0 \u00a0 \u00a0 \u00a0 \u00a0 \u00a0 \u00a0 \u00a0 \u00a0 \u00a0 \u00a0 \u00a0 \u00a0Les objectifs de la place de march\u00e9 Local Yaar : Permettre aux populations d&rsquo;acc\u00e9der \u00e0 une large gamme vari\u00e9e de produits locaux. Ouvrir le march\u00e9 mondial aux\u00a0producteurs.trices.\/transformateurs.trices.&hellip;<\/p>","protected":false},"author":1,"featured_media":2784,"parent":0,"menu_order":0,"comment_status":"closed","ping_status":"closed","template":"template-full-width.php","meta":{"_eb_attr":"","om_disable_all_campaigns":false,"_monsterinsights_skip_tracking":false,"_monsterinsights_sitenote_active":false,"_monsterinsights_sitenote_note":"","_monsterinsights_sitenote_category":0,"footnotes":""},"class_list":["post-292","page","type-page","status-publish","has-post-thumbnail","hentry"],"aioseo_notices":[],"jetpack_likes_enabled":true,"jetpack_sharing_enabled":true,"_links":{"self":[{"href":"https:\/\/localyaar.bf\/en\/wp-json\/wp\/v2\/pages\/292","targetHints":{"allow":["GET"]}}],"collection":[{"href":"https:\/\/localyaar.bf\/en\/wp-json\/wp\/v2\/pages"}],"about":[{"href":"https:\/\/localyaar.bf\/en\/wp-json\/wp\/v2\/types\/page"}],"author":[{"embeddable":true,"href":"https:\/\/localyaar.bf\/en\/wp-json\/wp\/v2\/users\/1"}],"replies":[{"embeddable":true,"href":"https:\/\/localyaar.bf\/en\/wp-json\/wp\/v2\/comments?post=292"}],"version-history":[{"count":172,"href":"https:\/\/localyaar.bf\/en\/wp-json\/wp\/v2\/pages\/292\/revisions"}],"predecessor-version":[{"id":6546,"href":"https:\/\/localyaar.bf\/en\/wp-json\/wp\/v2\/pages\/292\/revisions\/6546"}],"wp:featuredmedia":[{"embeddable":true,"href":"https:\/\/localyaar.bf\/en\/wp-json\/wp\/v2\/media\/2784"}],"wp:attachment":[{"href":"https:\/\/localyaar.bf\/en\/wp-json\/wp\/v2\/media?parent=292"}],"curies":[{"name":"wp","href":"https:\/\/api.w.org\/{rel}","templated":true}]}}